{"id":34554,"date":"2020-06-25T13:45:37","date_gmt":"2020-06-25T13:45:37","guid":{"rendered":"https:\/\/www.hippotrip.com\/?page_id=34554"},"modified":"2024-03-19T17:15:48","modified_gmt":"2024-03-19T17:15:48","slug":"pt2020","status":"publish","type":"page","link":"https:\/\/www.hippotrip.com\/en\/pt2020\/","title":{"rendered":"PT2020"},"content":{"rendered":"\t\t<div data-elementor-type=\"wp-page\" data-elementor-id=\"34554\" class=\"elementor elementor-34554\">\n\t\t\t\t\t\t<div class=\"elementor-inner\">\n\t\t\t\t<div class=\"elementor-section-wrap\">\n\t\t\t\t\t\t\t\t\t<section class=\"elementor-section elementor-top-section elementor-element elementor-element-cfa660e elementor-section-height-min-height elementor-section-boxed elementor-section-height-default elementor-section-items-middle\" data-id=\"cfa660e\" data-element_type=\"section\" data-settings=\"{&quot;background_background&quot;:&quot;classic&quot;}\">\n\t\t\t\t\t\t<div class=\"elementor-container elementor-column-gap-default\">\n\t\t\t\t\t\t\t<div class=\"elementor-row\">\n\t\t\t\t\t<div class=\"elementor-column elementor-col-100 elementor-top-column elementor-element elementor-element-466f943\" data-id=\"466f943\" data-element_type=\"column\">\n\t\t\t<div class=\"elementor-column-wrap elementor-element-populated\">\n\t\t\t\t\t\t\t<div class=\"elementor-widget-wrap\">\n\t\t\t\t\t\t<div class=\"elementor-element elementor-element-ea1575e elementor-widget elementor-widget-heading\" data-id=\"ea1575e\" data-element_type=\"widget\" data-widget_type=\"heading.default\">\n\t\t\t\t<div class=\"elementor-widget-container\">\n\t\t\t<h1 class=\"elementor-heading-title elementor-size-default\">pt2020<\/h1>\t\t<\/div>\n\t\t\t\t<\/div>\n\t\t\t\t\t\t<\/div>\n\t\t\t\t\t<\/div>\n\t\t<\/div>\n\t\t\t\t\t\t\t\t<\/div>\n\t\t\t\t\t<\/div>\n\t\t<\/section>\n\t\t\t\t<section class=\"elementor-section elementor-top-section elementor-element elementor-element-e5454ed elementor-section-boxed elementor-section-height-default elementor-section-height-default\" data-id=\"e5454ed\" data-element_type=\"section\" data-settings=\"{&quot;background_background&quot;:&quot;classic&quot;}\">\n\t\t\t\t\t\t<div class=\"elementor-container elementor-column-gap-default\">\n\t\t\t\t\t\t\t<div class=\"elementor-row\">\n\t\t\t\t\t<div class=\"elementor-column elementor-col-100 elementor-top-column elementor-element elementor-element-3d2fb8e\" data-id=\"3d2fb8e\" data-element_type=\"column\">\n\t\t\t<div class=\"elementor-column-wrap elementor-element-populated\">\n\t\t\t\t\t\t\t<div class=\"elementor-widget-wrap\">\n\t\t\t\t\t\t<div class=\"elementor-element elementor-element-0d5399a elementor-widget elementor-widget-heading\" data-id=\"0d5399a\" data-element_type=\"widget\" data-widget_type=\"heading.default\">\n\t\t\t\t<div class=\"elementor-widget-container\">\n\t\t\t<div class=\"elementor-heading-title elementor-size-default\">projeto<\/div>\t\t<\/div>\n\t\t\t\t<\/div>\n\t\t\t\t<div class=\"elementor-element elementor-element-116f844 elementor-widget-divider--view-line elementor-widget elementor-widget-divider\" data-id=\"116f844\" data-element_type=\"widget\" data-widget_type=\"divider.default\">\n\t\t\t\t<div class=\"elementor-widget-container\">\n\t\t\t\t\t<div class=\"elementor-divider\">\n\t\t\t<span class=\"elementor-divider-separator\">\n\t\t\t\t\t\t<\/span>\n\t\t<\/div>\n\t\t\t\t<\/div>\n\t\t\t\t<\/div>\n\t\t\t\t<div class=\"elementor-element elementor-element-a957a16 elementor-widget elementor-widget-text-editor\" data-id=\"a957a16\" data-element_type=\"widget\" data-widget_type=\"text-editor.default\">\n\t\t\t\t<div class=\"elementor-widget-container\">\n\t\t\t\t\t\t\t\t<div class=\"elementor-text-editor elementor-clearfix\">\n\t\t\t\t<div><b>Designa\u00e7\u00e3o do projeto<\/b> | HIPPOtrip &#8211; Aumento da exposi\u00e7\u00e3o internacional de um servi\u00e7o inovador na oferta tur\u00edstica lisbonense<\/div><div><b>C\u00f3digo do projeto<\/b> | LISBOA-02-0752-FEDER-024628<\/div><div><b>Objetivo principal<\/b> | Refor\u00e7ar a competitividade das pequenas e m\u00e9dias empresas<\/div><div><b>Regi\u00e3o de interven\u00e7\u00e3o<\/b> | Lisboa<\/div><div><b>Entidade benefici\u00e1ria<\/b> | HIPPOTRIP &#8211; TURISMO ANF\u00cdBIO, LDA<\/div><div> <\/div><div><b>Data de aprova\u00e7\u00e3o<\/b> | 04-04-2017<\/div><div><b>Data de in\u00edcio<\/b> | 17-04-2017<\/div><div><b>Data de conclus\u00e3o<\/b> | 16-04-2020<\/div><div><b>Custo total eleg\u00edvel<\/b> | 357.205,00 \u20ac<\/div><div><b>Apoio financeiro da Uni\u00e3o Europeia<\/b> | FEDER \u2013 142.882,00 \u20ac<\/div><div> <\/div><div><b>Objetivos, atividades e resultados esperados\/ atingidos<\/b><\/div><div><p>A empresa Hippotrip \u2013 Turismo Anf\u00edbio, Lda., dedica-se \u00e0 organiza\u00e7\u00e3o de passeios anf\u00edbios em circuito fechado com anima\u00e7\u00e3o a bordo bilingue.<br \/>Os objetivos estrat\u00e9gicos da empresa consistem em: aumentar a visibilidade internacional da HT; apostar na promo\u00e7\u00e3o dos ve\u00edculos, aumentando desta forma o impacto causado por estes; contrata\u00e7\u00e3o de t\u00e9cnicos especializados para auxiliar na concretiza\u00e7\u00e3o do plano de internacionaliza\u00e7\u00e3o; desenvolver novos contactos estrat\u00e9gicos e refor\u00e7ar os j\u00e1 existentes. No ano p\u00f3s-projeto (2021), a empresa registou ainda uma taxa de exporta\u00e7\u00e3o de cerca de 32%, com um n\u00edvel de desconcentra\u00e7\u00e3o elevado.<\/p><\/div>\t\t\t\t\t<\/div>\n\t\t\t\t\t\t<\/div>\n\t\t\t\t<\/div>\n\t\t\t\t\t\t<\/div>\n\t\t\t\t\t<\/div>\n\t\t<\/div>\n\t\t\t\t\t\t\t\t<\/div>\n\t\t\t\t\t<\/div>\n\t\t<\/section>\n\t\t\t\t<section class=\"elementor-section elementor-top-section elementor-element elementor-element-1a0eed5 elementor-section-boxed elementor-section-height-default elementor-section-height-default\" data-id=\"1a0eed5\" data-element_type=\"section\">\n\t\t\t\t\t\t<div class=\"elementor-container elementor-column-gap-default\">\n\t\t\t\t\t\t\t<div class=\"elementor-row\">\n\t\t\t\t\t<div class=\"elementor-column elementor-col-33 elementor-top-column elementor-element elementor-element-f6c1f84\" data-id=\"f6c1f84\" data-element_type=\"column\">\n\t\t\t<div class=\"elementor-column-wrap elementor-element-populated\">\n\t\t\t\t\t\t\t<div class=\"elementor-widget-wrap\">\n\t\t\t\t\t\t<div class=\"elementor-element elementor-element-dd0a751 elementor-widget elementor-widget-image\" data-id=\"dd0a751\" data-element_type=\"widget\" data-widget_type=\"image.default\">\n\t\t\t\t<div class=\"elementor-widget-container\">\n\t\t\t\t\t\t\t\t<div class=\"elementor-image\">\n\t\t\t\t\t\t\t\t\t\t\t\t<img width=\"500\" height=\"335\" src=\"https:\/\/www.hippotrip.com\/wp-content\/uploads\/hippopt2020.jpg\" class=\"attachment-full size-full wp-image-36578\" alt=\"\" loading=\"lazy\" srcset=\"https:\/\/www.hippotrip.com\/wp-content\/uploads\/hippopt2020.jpg 500w, https:\/\/www.hippotrip.com\/wp-content\/uploads\/hippopt2020-300x201.jpg 300w\" sizes=\"(max-width: 500px) 100vw, 500px\" \/>\t\t\t\t\t\t\t\t\t\t\t\t\t\t<\/div>\n\t\t\t\t\t\t<\/div>\n\t\t\t\t<\/div>\n\t\t\t\t\t\t<\/div>\n\t\t\t\t\t<\/div>\n\t\t<\/div>\n\t\t\t\t<div class=\"elementor-column elementor-col-33 elementor-top-column elementor-element elementor-element-87b430d\" data-id=\"87b430d\" data-element_type=\"column\">\n\t\t\t<div class=\"elementor-column-wrap elementor-element-populated\">\n\t\t\t\t\t\t\t<div class=\"elementor-widget-wrap\">\n\t\t\t\t\t\t<div class=\"elementor-element elementor-element-db25775 elementor-widget elementor-widget-image\" data-id=\"db25775\" data-element_type=\"widget\" data-widget_type=\"image.default\">\n\t\t\t\t<div class=\"elementor-widget-container\">\n\t\t\t\t\t\t\t\t<div class=\"elementor-image\">\n\t\t\t\t\t\t\t\t\t\t\t\t<img width=\"500\" height=\"335\" src=\"https:\/\/www.hippotrip.com\/wp-content\/uploads\/hippopt20201.jpg\" class=\"attachment-full size-full wp-image-36580\" alt=\"\" loading=\"lazy\" srcset=\"https:\/\/www.hippotrip.com\/wp-content\/uploads\/hippopt20201.jpg 500w, https:\/\/www.hippotrip.com\/wp-content\/uploads\/hippopt20201-300x201.jpg 300w\" sizes=\"(max-width: 500px) 100vw, 500px\" \/>\t\t\t\t\t\t\t\t\t\t\t\t\t\t<\/div>\n\t\t\t\t\t\t<\/div>\n\t\t\t\t<\/div>\n\t\t\t\t\t\t<\/div>\n\t\t\t\t\t<\/div>\n\t\t<\/div>\n\t\t\t\t<div class=\"elementor-column elementor-col-33 elementor-top-column elementor-element elementor-element-87130f1\" data-id=\"87130f1\" data-element_type=\"column\">\n\t\t\t<div class=\"elementor-column-wrap elementor-element-populated\">\n\t\t\t\t\t\t\t<div class=\"elementor-widget-wrap\">\n\t\t\t\t\t\t<div class=\"elementor-element elementor-element-bd40a04 elementor-widget elementor-widget-image\" data-id=\"bd40a04\" data-element_type=\"widget\" data-widget_type=\"image.default\">\n\t\t\t\t<div class=\"elementor-widget-container\">\n\t\t\t\t\t\t\t\t<div class=\"elementor-image\">\n\t\t\t\t\t\t\t\t\t\t\t\t<img width=\"500\" height=\"335\" src=\"https:\/\/www.hippotrip.com\/wp-content\/uploads\/tour3-min.jpg\" class=\"attachment-full size-full wp-image-34680\" alt=\"HIPPOtrip Lisboa por Terra e \u00c1gua\" loading=\"lazy\" srcset=\"https:\/\/www.hippotrip.com\/wp-content\/uploads\/tour3-min.jpg 500w, https:\/\/www.hippotrip.com\/wp-content\/uploads\/tour3-min-300x201.jpg 300w\" sizes=\"(max-width: 500px) 100vw, 500px\" \/>\t\t\t\t\t\t\t\t\t\t\t\t\t\t<\/div>\n\t\t\t\t\t\t<\/div>\n\t\t\t\t<\/div>\n\t\t\t\t\t\t<\/div>\n\t\t\t\t\t<\/div>\n\t\t<\/div>\n\t\t\t\t\t\t\t\t<\/div>\n\t\t\t\t\t<\/div>\n\t\t<\/section>\n\t\t\t\t\t\t\t\t\t<\/div>\n\t\t\t<\/div>\n\t\t\t\t\t<\/div>\n\t\t","protected":false},"excerpt":{"rendered":"<p>pt2020 projeto Designa\u00e7\u00e3o do projeto | HIPPOtrip &#8211; Aumento da exposi\u00e7\u00e3o internacional de um servi\u00e7o inovador na oferta tur\u00edstica lisbonenseC\u00f3digo do projeto | LISBOA-02-0752-FEDER-024628Objetivo principal | Refor\u00e7ar a competitividade das pequenas e m\u00e9dias empresasRegi\u00e3o de interven\u00e7\u00e3o | LisboaEntidade benefici\u00e1ria | HIPPOTRIP &#8211; TURISMO ANF\u00cdBIO, LDA Data de aprova\u00e7\u00e3o | 04-04-2017Data de in\u00edcio | 17-04-2017Data de [&hellip;]<\/p>\n","protected":false},"author":1,"featured_media":0,"parent":0,"menu_order":11,"comment_status":"closed","ping_status":"closed","template":"elementor_header_footer","meta":[],"_links":{"self":[{"href":"https:\/\/www.hippotrip.com\/en\/wp-json\/wp\/v2\/pages\/34554"}],"collection":[{"href":"https:\/\/www.hippotrip.com\/en\/wp-json\/wp\/v2\/pages"}],"about":[{"href":"https:\/\/www.hippotrip.com\/en\/wp-json\/wp\/v2\/types\/page"}],"author":[{"embeddable":true,"href":"https:\/\/www.hippotrip.com\/en\/wp-json\/wp\/v2\/users\/1"}],"replies":[{"embeddable":true,"href":"https:\/\/www.hippotrip.com\/en\/wp-json\/wp\/v2\/comments?post=34554"}],"version-history":[{"count":2,"href":"https:\/\/www.hippotrip.com\/en\/wp-json\/wp\/v2\/pages\/34554\/revisions"}],"predecessor-version":[{"id":36584,"href":"https:\/\/www.hippotrip.com\/en\/wp-json\/wp\/v2\/pages\/34554\/revisions\/36584"}],"wp:attachment":[{"href":"https:\/\/www.hippotrip.com\/en\/wp-json\/wp\/v2\/media?parent=34554"}],"curies":[{"name":"wp","href":"https:\/\/api.w.org\/{rel}","templated":true}]}}