{"id":34359,"date":"2020-06-22T09:42:09","date_gmt":"2020-06-22T09:42:09","guid":{"rendered":"https:\/\/www.hippotrip.com\/privacy-policy\/"},"modified":"2021-12-15T14:17:54","modified_gmt":"2021-12-15T14:17:54","slug":"privacy-policy","status":"publish","type":"page","link":"https:\/\/www.hippotrip.com\/en\/privacy-policy\/","title":{"rendered":"Privacy Policy"},"content":{"rendered":"\t\t<div data-elementor-type=\"wp-page\" data-elementor-id=\"34359\" class=\"elementor elementor-34359 elementor-33224\">\n\t\t\t\t\t\t<div class=\"elementor-inner\">\n\t\t\t\t<div class=\"elementor-section-wrap\">\n\t\t\t\t\t\t\t\t\t<section class=\"elementor-section elementor-top-section elementor-element elementor-element-3f0618d elementor-section-height-min-height elementor-section-boxed elementor-section-height-default elementor-section-items-middle\" data-id=\"3f0618d\" data-element_type=\"section\" data-settings=\"{&quot;background_background&quot;:&quot;classic&quot;}\">\n\t\t\t\t\t\t<div class=\"elementor-container elementor-column-gap-default\">\n\t\t\t\t\t\t\t<div class=\"elementor-row\">\n\t\t\t\t\t<div class=\"elementor-column elementor-col-100 elementor-top-column elementor-element elementor-element-726b038a\" data-id=\"726b038a\" data-element_type=\"column\">\n\t\t\t<div class=\"elementor-column-wrap elementor-element-populated\">\n\t\t\t\t\t\t\t<div class=\"elementor-widget-wrap\">\n\t\t\t\t\t\t<div class=\"elementor-element elementor-element-7d62d80a elementor-widget elementor-widget-heading\" data-id=\"7d62d80a\" data-element_type=\"widget\" data-widget_type=\"heading.default\">\n\t\t\t\t<div class=\"elementor-widget-container\">\n\t\t\t<h1 class=\"elementor-heading-title elementor-size-default\">privacy policy<\/h1>\t\t<\/div>\n\t\t\t\t<\/div>\n\t\t\t\t\t\t<\/div>\n\t\t\t\t\t<\/div>\n\t\t<\/div>\n\t\t\t\t\t\t\t\t<\/div>\n\t\t\t\t\t<\/div>\n\t\t<\/section>\n\t\t\t\t<section class=\"elementor-section elementor-top-section elementor-element elementor-element-ef241b7 elementor-section-boxed elementor-section-height-default elementor-section-height-default\" data-id=\"ef241b7\" data-element_type=\"section\">\n\t\t\t\t\t\t<div class=\"elementor-container elementor-column-gap-default\">\n\t\t\t\t\t\t\t<div class=\"elementor-row\">\n\t\t\t\t\t<div class=\"elementor-column elementor-col-100 elementor-top-column elementor-element elementor-element-6e132ae\" data-id=\"6e132ae\" data-element_type=\"column\">\n\t\t\t<div class=\"elementor-column-wrap elementor-element-populated\">\n\t\t\t\t\t\t\t<div class=\"elementor-widget-wrap\">\n\t\t\t\t\t\t<div class=\"elementor-element elementor-element-06b6150 elementor-widget elementor-widget-heading\" data-id=\"06b6150\" data-element_type=\"widget\" data-widget_type=\"heading.default\">\n\t\t\t\t<div class=\"elementor-widget-container\">\n\t\t\t<div class=\"elementor-heading-title elementor-size-default\">Privacidade<\/div>\t\t<\/div>\n\t\t\t\t<\/div>\n\t\t\t\t<div class=\"elementor-element elementor-element-4d2d7df elementor-widget-divider--view-line elementor-widget elementor-widget-divider\" data-id=\"4d2d7df\" data-element_type=\"widget\" data-widget_type=\"divider.default\">\n\t\t\t\t<div class=\"elementor-widget-container\">\n\t\t\t\t\t<div class=\"elementor-divider\">\n\t\t\t<span class=\"elementor-divider-separator\">\n\t\t\t\t\t\t<\/span>\n\t\t<\/div>\n\t\t\t\t<\/div>\n\t\t\t\t<\/div>\n\t\t\t\t<div class=\"elementor-element elementor-element-0d5cf8c elementor-widget elementor-widget-text-editor\" data-id=\"0d5cf8c\" data-element_type=\"widget\" data-widget_type=\"text-editor.default\">\n\t\t\t\t<div class=\"elementor-widget-container\">\n\t\t\t\t\t\t\t\t<div class=\"elementor-text-editor elementor-clearfix\">\n\t\t\t\t<p>O website\u00a0<b>www.hippotrip.com<\/b>\u00a0\u00e9 propriedade da <b>HIPPOtrip &#8211; Turismo Anf\u00edbio, Lda<\/b>.<\/p>\n<p>A HIPPOtrip &#8211; Turismo Anf\u00edbio, Lda. respeita a sua privacidade e compromete-se a proteg\u00ea-la. Para esse efeito, chamamos a sua aten\u00e7\u00e3o para a nossa Pol\u00edtica de Privacidade sobre as pr\u00e1ticas e escolhas que poder\u00e1 fazer sobre o modo de recolha de dados pessoais e como esses dados podem ser usados.\u00a0Ao disponibilizar os seus dados pessoais no \u00e2mbito deste website, est\u00e1 a autorizar a sua recolha e tratamento de acordo com as regras aqui definidas.<\/p>\n<p><b>DADOS PESSOAIS<\/b><\/p>\n<p>S\u00e3o considerados dados pessoais todas as informa\u00e7\u00f5es, de qualquer natureza e independentemente do respetivo suporte, relativa a uma pessoa singular identificada ou identific\u00e1vel.<\/p>\n<p>\u00c9 considerada identific\u00e1vel uma pessoa singular que possa ser identificada, direta ou indiretamente, em especial por refer\u00eancia a um identificador, como por exemplo um nome, um n\u00famero de identifica\u00e7\u00e3o, dados de localiza\u00e7\u00e3o, identificadores por via eletr\u00f3nica ou a um ou mais elementos espec\u00edficos da identidade f\u00edsica, fisiol\u00f3gica, gen\u00e9tica, mental, econ\u00f3mica, cultural ou social dessa pessoa singular.<\/p>\n<p>Atrav\u00e9s deste website podem ser recolhidos os seguintes dados pessoais: (i) nome, (ii) dados de contacto (telefone e email), (iii) dados banc\u00e1rios.<\/p>\n<p><b>FINALIDADE DO TRATAMENTO DE DADOS PESSOAIS<\/b><\/p>\n<p>Quando solicitamos o seu nome, endere\u00e7o, telefone, email e dados banc\u00e1rios, temos como objetivo facilitar a compra dos nossos bilhetes para que tudo funcione de uma forma mais eficaz e segura. Estes dados n\u00e3o ser\u00e3o utilizados para fins promocionais via correio eletr\u00f3nico ou telef\u00f3nico, nem divulgados a qualquer outra organiza\u00e7\u00e3o ou empresa, a n\u00e3o ser quando expressamente indicado e consentido pelo utilizador.<\/p>\n<p>A HIPPOtrip &#8211; Turismo Anf\u00edbio, Lda.\u00a0 garante ainda que os seus dados banc\u00e1rios ser\u00e3o introduzidos numa plataforma segura diretamente associada \u00e0 Rede Unicre, \u00e0 qual n\u00e3o temos acesso.<\/p>\n<p><b>PRAZO DE CONSERVA\u00c7\u00c3O DE DADOS PESSOAIS<\/b><\/p>\n<p>Os Dados Pessoais ser\u00e3o armazenados e conservados apenas durante o per\u00edodo necess\u00e1rio ao cumprimento da finalidade, sem preju\u00edzo do direito que lhe assiste de solicitar o apagamento dos dados.<\/p>\n<p>Ap\u00f3s a cessa\u00e7\u00e3o da causa do tratamento, os Dados Pessoais ser\u00e3o apagados definitivamente e de uma forma segura.<\/p>\n<p><b>DIREITOS DO TITULAR DOS DADOS<\/b><\/p>\n<p>A seu pedido, tem o direito de receber, livre de encargos, a informa\u00e7\u00e3o arquivada acerca dos seus dados pessoais. Tamb\u00e9m lhe \u00e9 dado o direito dos seus dados serem corrigidos, bloqueados ou apagados, salvo quando previsto por lei tal como aquando da celebra\u00e7\u00e3o de uma compra no website. Em caso de d\u00favida, ou para exercer qualquer destes direitos, por favor contacte-nos atrav\u00e9s do email\u00a0<a href=\"mailto:info@hippotrip.com\">info@hippotrip.com<\/a>.<\/p>\n<p><b>SEGURAN\u00c7A NO TRATAMENTO DE DADOS PESSOAIS<\/b><\/p>\n<p>A HIPPOtrip &#8211; Turismo Anf\u00edbio, Lda. compromete-se a garantir a seguran\u00e7a e prote\u00e7\u00e3o dos Dados Pessoais, tendo adotado as medidas t\u00e9cnicas e organizativas adequadas para o efeito<\/p>\n<p>Caso, por algum motivo, se verifique uma viola\u00e7\u00e3o da seguran\u00e7a que provoque, de modo acidental ou il\u00edcito, a destrui\u00e7\u00e3o, a perda, a altera\u00e7\u00e3o, a divulga\u00e7\u00e3o ou o acesso, n\u00e3o autorizados, aos Dados Pessoais, a A HIPPOtrip &#8211; Turismo Anf\u00edbio, Lda. comunicar\u00e1 sem demora justificada e, sempre que poss\u00edvel, at\u00e9 72 horas ap\u00f3s ter tido conhecimento da mesma e nos termos da legisla\u00e7\u00e3o aplic\u00e1vel, tal facto \u00e0s autoridades competentes. Da mesma forma, a HIPPOtrip &#8211; Turismo Anf\u00edbio, Lda. comunica a viola\u00e7\u00e3o dos Dados Pessoais ao respetivo titular dos Dados Pessoais, nos termos da legisla\u00e7\u00e3o aplic\u00e1vel.<\/p>\n<p><b>RESPONS\u00c1VEL PELO TRATAMENTO DE DADOS PESSOAIS<\/b><\/p>\n<p>A entidade respons\u00e1vel pela recolha e tratamento dos Dados Pessoais para as finalidades acima referidas \u00e9 a HIPPOtrip &#8211; Turismo Anf\u00edbio, Lda., pessoa coletiva n\u00famero 508955165, com sede na Rua do A\u00e7ucar, n\u00ba76, Armaz\u00e9m 23, 1950-009 Lisboa e com o email\u00a0<a href=\"mailto:info@hippotrip.com\">info@hippotrip.com<\/a>.<\/p>\n<p><b>COOKIES<\/b><\/p>\n<p>A HIPPOtrip &#8211; Turismo Anf\u00edbio, Lda. recolhe, atrav\u00e9s de cookies, v\u00e1rias informa\u00e7\u00f5es dos seus visitantes no sentido de poder fornecer uma melhor navega\u00e7\u00e3o.<\/p>\n<p>Os cookies s\u00e3o pequenos ficheiros de informa\u00e7\u00e3o que s\u00e3o colocados no seu equipamento eletr\u00f3nico (computador, tablet, smartphone, etc.) e que podem assumir v\u00e1rias fun\u00e7\u00f5es, podendo guardar as prefer\u00eancias do utilizador para certos tipos de informa\u00e7\u00e3o ou guardar informa\u00e7\u00e3o relativa \u00e0 sua visita a este website.<\/p>\n<p><b>O QUE S\u00c3O COOKIES?<\/b><\/p>\n<p>Cookies s\u00e3o ficheiros que cont\u00eam pequenas por\u00e7\u00f5es de informa\u00e7\u00e3o que \u00e9 descarregada no browser utilizado no acesso a um qualquer website que visite.<br \/>\nT\u00eam como principal objetivo o reconhecimento do utilizador nas suas visitas ao website, os respetivos par\u00e2metros de configura\u00e7\u00e3o e o consequente estabelecimento de sess\u00f5es seguras e privadas, bem como a devida preven\u00e7\u00e3o de qualquer tentativa de acesso n\u00e3o autorizado e a adequada prote\u00e7\u00e3o de dados nos termos legalmente exigidos.<\/p>\n<p>A utiliza\u00e7\u00e3o de cookies na internet \u00e9 usual e em nada prejudica os computadores e demais equipamentos de acesso web dos utilizadores.<\/p>\n<p><b>QUAIS AS FUN\u00c7\u00d5ES DOS COOKIES?<\/b><\/p>\n<p>Os cookies executam diversas fun\u00e7\u00f5es como compreender com maior profundidade o modo como o website \u00e9 utilizado, facilitando a respetiva navega\u00e7\u00e3o e, de modo geral, melhorando a sua experi\u00eancia de utiliza\u00e7\u00e3o, servindo ainda para garantir que os websites lhe apresentam conte\u00fados relevantes. S\u00e3o assim instrumentos de melhoria cont\u00ednua da experi\u00eancia de utiliza\u00e7\u00e3o.<\/p>\n<p><b>QUE TIPOS DE COOKIES UTILIZAMOS?<\/b><\/p>\n<p>A HIPPOtrip &#8211; Turismo Anf\u00edbio, Lda. utiliza cookies tempor\u00e1rios, para maximizar a seguran\u00e7a dos seus servi\u00e7os e para assegurar a presta\u00e7\u00e3o otimizada dos servi\u00e7os online.<\/p>\n<p>A HIPPOtrip &#8211; Turismo Anf\u00edbio, Lda. n\u00e3o recorre \u00e0 utiliza\u00e7\u00e3o de cookies para registo da navega\u00e7\u00e3o internet, externa ao website www.hippotrip.com, nem para registo de qualquer tipo de informa\u00e7\u00e3o pessoal ou confidencial, poss\u00edvel de ser entendida por qualquer outro website.<\/p>\n<p>Assim, a HIPPOtrip &#8211; Turismo Anf\u00edbio, Lda. recorre \u00e0 informa\u00e7\u00e3o disponibilizada pelos cookies para as seguintes finalidades:<br \/>\n&#8211; Recolher informa\u00e7\u00e3o sobre quais as p\u00e1ginas mais relevantes para os utilizadores e respetivos volumes de acessos e visitas;<br \/>\n&#8211; Armazenar informa\u00e7\u00e3o de marketing e outras prefer\u00eancias para melhorar a experi\u00eancia de utiliza\u00e7\u00e3o;<br \/>\n&#8211; Avaliar a efic\u00e1cia das diversas a\u00e7\u00f5es de campanha publicit\u00e1ria, promocional ou informativa, visando a sua melhoria cont\u00ednua;<\/p>\n<p>Existem diversos tipos de cookies com diferentes formas de atua\u00e7\u00e3o e finalidades na sua navega\u00e7\u00e3o na internet. Para que tenha o total esclarecimento, apresentamos as categorias existentes e que poder\u00e1 verificar no seu browser:<\/p>\n<p><b>COOKIES ESTRITAMENTE NECESS\u00c1RIOS<\/b><\/p>\n<p>S\u00e3o cookies essenciais porque garantem a navega\u00e7\u00e3o no website e a utiliza\u00e7\u00e3o das respetivas funcionalidades, tais como aceder a \u00e1reas seguras ou funcionalidades de e-commerce. N\u00e3o recolhem informa\u00e7\u00e3o sobre o utilizador que possa ser utilizada para fins de marketing. Tratando-se de cookies estritamente necess\u00e1rios para o fornecimento do servi\u00e7o expressamente solicitado pelo utilizador, esta categoria de cookies n\u00e3o poder\u00e1 ser desativada ou declinada.<\/p>\n<p><b>COOKIES DE PERFORMANCE<\/b><\/p>\n<p>Estes cookies recolhem informa\u00e7\u00e3o sobre a utiliza\u00e7\u00e3o global dos websites, por exemplo, quais as p\u00e1ginas com maior volume de visitas ou se recebe mensagens de erro.<\/p>\n<p>N\u00e3o recolhem informa\u00e7\u00e3o de identifica\u00e7\u00e3o do utilizador. Toda a informa\u00e7\u00e3o recolhida \u00e9 totalmente an\u00f3nima e serve apenas a fun\u00e7\u00e3o de otimizar a navega\u00e7\u00e3o. N\u00e3o t\u00eam como objetivo a disponibiliza\u00e7\u00e3o de campanhas de marketing dirigidas, destinando-se somente ao desenvolvimento de melhorias dos websites e performance.<\/p>\n<p><b>COOKIES E TARGETING<\/b><\/p>\n<p>Estes cookies recolhem informa\u00e7\u00e3o sobre os h\u00e1bitos de utiliza\u00e7\u00e3o de um browser pelo utilizador, registando utiliza\u00e7\u00f5es dos websites.<br \/>\nS\u00e3o utilizados para suportar a realiza\u00e7\u00e3o de a\u00e7\u00f5es de marketing e comunica\u00e7\u00e3o mais direcionadas, n\u00e3o recolhendo informa\u00e7\u00e3o da identifica\u00e7\u00e3o pessoal do utilizador. Permitem sim a distin\u00e7\u00e3o e identifica\u00e7\u00e3o das prefer\u00eancias de utiliza\u00e7\u00e3o individuais ou armazenar um c\u00f3digo que permite traduzir um conjunto de h\u00e1bitos ou prefer\u00eancias de utiliza\u00e7\u00e3o.<\/p>\n<p>Ao continuar a navegar no website da HIPPOtrip &#8211; Turismo Anf\u00edbio, Lda., e exceto se tiver desativado os cookies, concorda com o seu uso no dispositivo e browser utilizado, de acordo com a presente.<\/p>\n<p><b>POL\u00cdTICA DE COOKIES<\/b><\/p>\n<p>Optando pela desativa\u00e7\u00e3o, todas ou algumas das funcionalidades dispon\u00edveis poder\u00e3o ficar inibidas, penalizando a sua experi\u00eancia de navega\u00e7\u00e3o.<br \/>\nPoder\u00e1, a todo o momento, controlar o modo como os cookies se encontram alojados no seu browser ou mesmo remov\u00ea-los, a partir das op\u00e7\u00f5es de configura\u00e7\u00e3o. Conforme referido, dever\u00e1 ter em aten\u00e7\u00e3o que a altera\u00e7\u00e3o destas configura\u00e7\u00f5es poder\u00e1 ter impacto na adequado e plena utiliza\u00e7\u00e3o do website da HIPPOtrip &#8211; Turismo Anf\u00edbio, Lda.<\/p>\n<p><b>O QUE ACONTECE SE DESACTIVAR A OP\u00c7\u00c3O DE COOKIES NO BROWSER?<\/b><\/p>\n<p>Os browsers mais recentes disponibilizam a op\u00e7\u00e3o de aceitar ou declinar a grava\u00e7\u00e3o de cookies. Esta \u00e9 uma configura\u00e7\u00e3o global aplicada a todos os websites que aceder. Se desativar a op\u00e7\u00e3o de gravar cookies no seu browser, deixar\u00e1 de aceitar cookies dos websites que visite.<\/p>\n<p><b>LEI E JURISDI\u00c7\u00c3O<\/b><\/p>\n<p>Este website foi criado e est\u00e1 em funcionamento de acordo com as leis portuguesas. O uso deste website est\u00e1 sujeito \u00e0 aceita\u00e7\u00e3o destas regras e de outros termos e condi\u00e7\u00f5es que venham a ser adotados.<\/p>\n<p>Qualquer lit\u00edgio que envolva a HIPPOtrip &#8211; Turismo Anf\u00edbio, Lda., no \u00e2mbito deste website, ser\u00e1 regulado pela legisla\u00e7\u00e3o em vigor, sendo competentes, unicamente, os tribunais portugueses.<\/p>\n<p><b>ALTERA\u00c7\u00d5ES<\/b><\/p>\n<p>HIPPOtrip &#8211; Turismo Anf\u00edbio, Lda. reserva-se o direito de atualizar ocasionalmente a sua Pol\u00edtica de Privacidade. Sempre que o fizermos, divulgaremos a data da \u00faltima atualiza\u00e7\u00e3o.<\/p>\n<p>A HIPPOtrip &#8211; Turismo Anf\u00edbio, Lda. reserva-se ainda o direito de suspender o acesso a este site sem qualquer aviso pr\u00e9vio.<\/p>\n<p>Revisto a 23 de maio de 2018.<\/p>\n\t\t\t\t\t<\/div>\n\t\t\t\t\t\t<\/div>\n\t\t\t\t<\/div>\n\t\t\t\t\t\t<\/div>\n\t\t\t\t\t<\/div>\n\t\t<\/div>\n\t\t\t\t\t\t\t\t<\/div>\n\t\t\t\t\t<\/div>\n\t\t<\/section>\n\t\t\t\t\t\t\t\t\t<\/div>\n\t\t\t<\/div>\n\t\t\t\t\t<\/div>\n\t\t","protected":false},"excerpt":{"rendered":"<p>privacy policy Privacidade O website www.hippotrip.com \u00e9 propriedade da HIPPOtrip &#8211; Turismo Anf\u00edbio, Lda. A HIPPOtrip &#8211; Turismo Anf\u00edbio, Lda. respeita a sua privacidade e compromete-se a proteg\u00ea-la. Para esse efeito, chamamos a sua aten\u00e7\u00e3o para a nossa Pol\u00edtica de Privacidade sobre as pr\u00e1ticas e escolhas que poder\u00e1 fazer sobre o modo de recolha de [&hellip;]<\/p>\n","protected":false},"author":1,"featured_media":0,"parent":0,"menu_order":9,"comment_status":"closed","ping_status":"closed","template":"elementor_header_footer","meta":[],"_links":{"self":[{"href":"https:\/\/www.hippotrip.com\/en\/wp-json\/wp\/v2\/pages\/34359"}],"collection":[{"href":"https:\/\/www.hippotrip.com\/en\/wp-json\/wp\/v2\/pages"}],"about":[{"href":"https:\/\/www.hippotrip.com\/en\/wp-json\/wp\/v2\/types\/page"}],"author":[{"embeddable":true,"href":"https:\/\/www.hippotrip.com\/en\/wp-json\/wp\/v2\/users\/1"}],"replies":[{"embeddable":true,"href":"https:\/\/www.hippotrip.com\/en\/wp-json\/wp\/v2\/comments?post=34359"}],"version-history":[{"count":1,"href":"https:\/\/www.hippotrip.com\/en\/wp-json\/wp\/v2\/pages\/34359\/revisions"}],"predecessor-version":[{"id":36500,"href":"https:\/\/www.hippotrip.com\/en\/wp-json\/wp\/v2\/pages\/34359\/revisions\/36500"}],"wp:attachment":[{"href":"https:\/\/www.hippotrip.com\/en\/wp-json\/wp\/v2\/media?parent=34359"}],"curies":[{"name":"wp","href":"https:\/\/api.w.org\/{rel}","templated":true}]}}