{"id":34355,"date":"2020-06-22T09:39:14","date_gmt":"2020-06-22T09:39:14","guid":{"rendered":"https:\/\/www.hippotrip.com\/recruitment\/"},"modified":"2021-12-15T14:07:24","modified_gmt":"2021-12-15T14:07:24","slug":"recruitment","status":"publish","type":"page","link":"https:\/\/www.hippotrip.com\/en\/recruitment\/","title":{"rendered":"Recruitment"},"content":{"rendered":"\t\t<div data-elementor-type=\"wp-page\" data-elementor-id=\"34355\" class=\"elementor elementor-34355 elementor-33221\">\n\t\t\t\t\t\t<div class=\"elementor-inner\">\n\t\t\t\t<div class=\"elementor-section-wrap\">\n\t\t\t\t\t\t\t\t\t<section class=\"elementor-section elementor-top-section elementor-element elementor-element-37ab8ced elementor-section-height-min-height elementor-section-boxed elementor-section-height-default elementor-section-items-middle\" data-id=\"37ab8ced\" data-element_type=\"section\" data-settings=\"{&quot;background_background&quot;:&quot;classic&quot;}\">\n\t\t\t\t\t\t<div class=\"elementor-container elementor-column-gap-default\">\n\t\t\t\t\t\t\t<div class=\"elementor-row\">\n\t\t\t\t\t<div class=\"elementor-column elementor-col-100 elementor-top-column elementor-element elementor-element-1f3d3344\" data-id=\"1f3d3344\" data-element_type=\"column\">\n\t\t\t<div class=\"elementor-column-wrap elementor-element-populated\">\n\t\t\t\t\t\t\t<div class=\"elementor-widget-wrap\">\n\t\t\t\t\t\t<div class=\"elementor-element elementor-element-38f8346f elementor-widget elementor-widget-heading\" data-id=\"38f8346f\" data-element_type=\"widget\" data-widget_type=\"heading.default\">\n\t\t\t\t<div class=\"elementor-widget-container\">\n\t\t\t<h1 class=\"elementor-heading-title elementor-size-default\">recruitment<\/h1>\t\t<\/div>\n\t\t\t\t<\/div>\n\t\t\t\t\t\t<\/div>\n\t\t\t\t\t<\/div>\n\t\t<\/div>\n\t\t\t\t\t\t\t\t<\/div>\n\t\t\t\t\t<\/div>\n\t\t<\/section>\n\t\t\t\t<section class=\"elementor-section elementor-top-section elementor-element elementor-element-f91a606 elementor-section-boxed elementor-section-height-default elementor-section-height-default\" data-id=\"f91a606\" data-element_type=\"section\" data-settings=\"{&quot;background_background&quot;:&quot;classic&quot;}\">\n\t\t\t\t\t\t<div class=\"elementor-container elementor-column-gap-default\">\n\t\t\t\t\t\t\t<div class=\"elementor-row\">\n\t\t\t\t\t<div class=\"elementor-column elementor-col-100 elementor-top-column elementor-element elementor-element-8196adf\" data-id=\"8196adf\" data-element_type=\"column\">\n\t\t\t<div class=\"elementor-column-wrap elementor-element-populated\">\n\t\t\t\t\t\t\t<div class=\"elementor-widget-wrap\">\n\t\t\t\t\t\t<div class=\"elementor-element elementor-element-7023941 elementor-widget elementor-widget-heading\" data-id=\"7023941\" data-element_type=\"widget\" data-widget_type=\"heading.default\">\n\t\t\t\t<div class=\"elementor-widget-container\">\n\t\t\t<div class=\"elementor-heading-title elementor-size-default\">QuerES trabalhar connosco?<\/div>\t\t<\/div>\n\t\t\t\t<\/div>\n\t\t\t\t<div class=\"elementor-element elementor-element-c701c26 elementor-widget-divider--view-line elementor-widget elementor-widget-divider\" data-id=\"c701c26\" data-element_type=\"widget\" data-widget_type=\"divider.default\">\n\t\t\t\t<div class=\"elementor-widget-container\">\n\t\t\t\t\t<div class=\"elementor-divider\">\n\t\t\t<span class=\"elementor-divider-separator\">\n\t\t\t\t\t\t<\/span>\n\t\t<\/div>\n\t\t\t\t<\/div>\n\t\t\t\t<\/div>\n\t\t\t\t<div class=\"elementor-element elementor-element-b347640 elementor-widget elementor-widget-text-editor\" data-id=\"b347640\" data-element_type=\"widget\" data-widget_type=\"text-editor.default\">\n\t\t\t\t<div class=\"elementor-widget-container\">\n\t\t\t\t\t\t\t\t<div class=\"elementor-text-editor elementor-clearfix\">\n\t\t\t\t<p>Envia o teu curr\u00edculo para o nosso email (recursoshumanos@hippotrip.com), acompanhado de uma breve resposta \u00e0s seguintes quest\u00f5es:<\/p>\n<p><strong>Porque \u00e9 que queres trabalhar para a HIPPOtrip?<br \/><\/strong><strong style=\"letter-spacing: 0.1px;\">Porque \u00e9 que a HIPPOtrip te deve empregar?<\/strong><strong><br \/><\/strong><\/p>\n<p>(menos de 100 palavras cada)<\/p>\n<p>Caso a tua candidatura se enquadre naquilo que pretendemos, entraremos em contacto o mais depressa poss\u00edvel.<\/p>\n\t\t\t\t\t<\/div>\n\t\t\t\t\t\t<\/div>\n\t\t\t\t<\/div>\n\t\t\t\t\t\t<\/div>\n\t\t\t\t\t<\/div>\n\t\t<\/div>\n\t\t\t\t\t\t\t\t<\/div>\n\t\t\t\t\t<\/div>\n\t\t<\/section>\n\t\t\t\t<section class=\"elementor-section elementor-top-section elementor-element elementor-element-25c6405 elementor-section-boxed elementor-section-height-default elementor-section-height-default\" data-id=\"25c6405\" data-element_type=\"section\" data-settings=\"{&quot;background_background&quot;:&quot;classic&quot;}\">\n\t\t\t\t\t\t<div class=\"elementor-container elementor-column-gap-default\">\n\t\t\t\t\t\t\t<div class=\"elementor-row\">\n\t\t\t\t\t<div class=\"elementor-column elementor-col-100 elementor-top-column elementor-element elementor-element-643e371\" data-id=\"643e371\" data-element_type=\"column\">\n\t\t\t<div class=\"elementor-column-wrap elementor-element-populated\">\n\t\t\t\t\t\t\t<div class=\"elementor-widget-wrap\">\n\t\t\t\t\t\t<div class=\"elementor-element elementor-element-eec38d5 elementor-widget elementor-widget-heading\" data-id=\"eec38d5\" data-element_type=\"widget\" data-widget_type=\"heading.default\">\n\t\t\t\t<div class=\"elementor-widget-container\">\n\t\t\t<div class=\"elementor-heading-title elementor-size-default\">aNIMADOR<\/div>\t\t<\/div>\n\t\t\t\t<\/div>\n\t\t\t\t<div class=\"elementor-element elementor-element-4f7e898 elementor-widget-divider--view-line elementor-widget elementor-widget-divider\" data-id=\"4f7e898\" data-element_type=\"widget\" data-widget_type=\"divider.default\">\n\t\t\t\t<div class=\"elementor-widget-container\">\n\t\t\t\t\t<div class=\"elementor-divider\">\n\t\t\t<span class=\"elementor-divider-separator\">\n\t\t\t\t\t\t<\/span>\n\t\t<\/div>\n\t\t\t\t<\/div>\n\t\t\t\t<\/div>\n\t\t\t\t<div class=\"elementor-element elementor-element-0a436f5 elementor-widget elementor-widget-text-editor\" data-id=\"0a436f5\" data-element_type=\"widget\" data-widget_type=\"text-editor.default\">\n\t\t\t\t<div class=\"elementor-widget-container\">\n\t\t\t\t\t\t\t\t<div class=\"elementor-text-editor elementor-clearfix\">\n\t\t\t\t<p>Queres ser a estrela do nosso espect\u00e1culo?<\/p>\n<p>Comunicar com pessoas de todo o mundo, falar sobre as maravilhas da nossa cidade, tudo envolto num ambiente descontra\u00eddo e bem humorado?<\/p>\n<p>Interessados devem mostrar boa apresenta\u00e7\u00e3o, gosto e grande \u00e0 vontade em falar para pequenos grupos, possuir um bom conhecimento de Portugu\u00eas, Ingl\u00eas e eventualmente uma terceira l\u00edngua.<\/p>\n<p>\u00c9 requisito fundamental que tenham alguma forma\u00e7\u00e3o mar\u00edtima, sendo a carta de Patr\u00e3o Local o m\u00ednimo exigido.<\/p>\n\t\t\t\t\t<\/div>\n\t\t\t\t\t\t<\/div>\n\t\t\t\t<\/div>\n\t\t\t\t\t\t<\/div>\n\t\t\t\t\t<\/div>\n\t\t<\/div>\n\t\t\t\t\t\t\t\t<\/div>\n\t\t\t\t\t<\/div>\n\t\t<\/section>\n\t\t\t\t<section class=\"elementor-section elementor-top-section elementor-element elementor-element-3467571 elementor-section-boxed elementor-section-height-default elementor-section-height-default\" data-id=\"3467571\" data-element_type=\"section\" data-settings=\"{&quot;background_background&quot;:&quot;classic&quot;}\">\n\t\t\t\t\t\t<div class=\"elementor-container elementor-column-gap-default\">\n\t\t\t\t\t\t\t<div class=\"elementor-row\">\n\t\t\t\t\t<div class=\"elementor-column elementor-col-100 elementor-top-column elementor-element elementor-element-7d38108\" data-id=\"7d38108\" data-element_type=\"column\">\n\t\t\t<div class=\"elementor-column-wrap elementor-element-populated\">\n\t\t\t\t\t\t\t<div class=\"elementor-widget-wrap\">\n\t\t\t\t\t\t<div class=\"elementor-element elementor-element-dc5add2 elementor-widget elementor-widget-heading\" data-id=\"dc5add2\" data-element_type=\"widget\" data-widget_type=\"heading.default\">\n\t\t\t\t<div class=\"elementor-widget-container\">\n\t\t\t<div class=\"elementor-heading-title elementor-size-default\">Motorista<\/div>\t\t<\/div>\n\t\t\t\t<\/div>\n\t\t\t\t<div class=\"elementor-element elementor-element-976b6a6 elementor-widget-divider--view-line elementor-widget elementor-widget-divider\" data-id=\"976b6a6\" data-element_type=\"widget\" data-widget_type=\"divider.default\">\n\t\t\t\t<div class=\"elementor-widget-container\">\n\t\t\t\t\t<div class=\"elementor-divider\">\n\t\t\t<span class=\"elementor-divider-separator\">\n\t\t\t\t\t\t<\/span>\n\t\t<\/div>\n\t\t\t\t<\/div>\n\t\t\t\t<\/div>\n\t\t\t\t<div class=\"elementor-element elementor-element-52d2083 elementor-widget elementor-widget-text-editor\" data-id=\"52d2083\" data-element_type=\"widget\" data-widget_type=\"text-editor.default\">\n\t\t\t\t<div class=\"elementor-widget-container\">\n\t\t\t\t\t\t\t\t<div class=\"elementor-text-editor elementor-clearfix\">\n\t\t\t\t<p>Queres ser o motorista do primeiro ve\u00edculo anf\u00edbio tur\u00edstico de Portugal?<\/p>\n<p>Ter uma ocupa\u00e7\u00e3o diferente, ligada ao turismo e com uma grande vertente de boa disposi\u00e7\u00e3o?<\/p>\n<p>Interessados, dever\u00e3o mostrar boa apresenta\u00e7\u00e3o, experi\u00eancia como condutor de autocarro e governo de embarca\u00e7\u00f5es.<\/p>\n<p>Ser\u00e3o respons\u00e1veis pela condu\u00e7\u00e3o do ve\u00edculo em terra e governa\u00e7\u00e3o da embarca\u00e7\u00e3o na \u00e1gua.<br \/>\nDamos prefer\u00eancia a Mestres Locais e similares, mas poderemos eventualmente aceitar Patr\u00f5es Locais.<\/p>\n<p>Para al\u00e9m deste requisito, \u00e9 fundamental possu\u00edrem a carta de condu\u00e7\u00e3o D e as acredita\u00e7\u00f5es CAM e CQM.<\/p>\n\t\t\t\t\t<\/div>\n\t\t\t\t\t\t<\/div>\n\t\t\t\t<\/div>\n\t\t\t\t\t\t<\/div>\n\t\t\t\t\t<\/div>\n\t\t<\/div>\n\t\t\t\t\t\t\t\t<\/div>\n\t\t\t\t\t<\/div>\n\t\t<\/section>\n\t\t\t\t<section class=\"elementor-section elementor-top-section elementor-element elementor-element-ba668fb elementor-section-boxed elementor-section-height-default elementor-section-height-default\" data-id=\"ba668fb\" data-element_type=\"section\" data-settings=\"{&quot;background_background&quot;:&quot;classic&quot;}\">\n\t\t\t\t\t\t<div class=\"elementor-container elementor-column-gap-default\">\n\t\t\t\t\t\t\t<div class=\"elementor-row\">\n\t\t\t\t\t<div class=\"elementor-column elementor-col-100 elementor-top-column elementor-element elementor-element-4ae94f8\" data-id=\"4ae94f8\" data-element_type=\"column\">\n\t\t\t<div class=\"elementor-column-wrap elementor-element-populated\">\n\t\t\t\t\t\t\t<div class=\"elementor-widget-wrap\">\n\t\t\t\t\t\t<div class=\"elementor-element elementor-element-78df7b1 elementor-widget elementor-widget-heading\" data-id=\"78df7b1\" data-element_type=\"widget\" data-widget_type=\"heading.default\">\n\t\t\t\t<div class=\"elementor-widget-container\">\n\t\t\t<div class=\"elementor-heading-title elementor-size-default\">Atendimento ao p\u00fablico<\/div>\t\t<\/div>\n\t\t\t\t<\/div>\n\t\t\t\t<div class=\"elementor-element elementor-element-0324e86 elementor-widget-divider--view-line elementor-widget elementor-widget-divider\" data-id=\"0324e86\" data-element_type=\"widget\" data-widget_type=\"divider.default\">\n\t\t\t\t<div class=\"elementor-widget-container\">\n\t\t\t\t\t<div class=\"elementor-divider\">\n\t\t\t<span class=\"elementor-divider-separator\">\n\t\t\t\t\t\t<\/span>\n\t\t<\/div>\n\t\t\t\t<\/div>\n\t\t\t\t<\/div>\n\t\t\t\t<div class=\"elementor-element elementor-element-0d0ad6e elementor-widget elementor-widget-text-editor\" data-id=\"0d0ad6e\" data-element_type=\"widget\" data-widget_type=\"text-editor.default\">\n\t\t\t\t<div class=\"elementor-widget-container\">\n\t\t\t\t\t\t\t\t<div class=\"elementor-text-editor elementor-clearfix\">\n\t\t\t\t<p>Queres ser a linha da frente e primeiro contacto com o p\u00fablico?<\/p>\n<p>Trabalhar no atendimento ao p\u00fablico em contacto com gente diferente num ambiente descontra\u00eddo e bem humorado?<\/p>\n<p>Interessados dever\u00e3o ter boa apresenta\u00e7\u00e3o, disposi\u00e7\u00e3o, conhecimentos de Portugu\u00eas, Ingl\u00eas e eventualmente uma terceira l\u00edngua.<\/p>\n<p>Damos prefer\u00eancia a candidatos com conhecimentos b\u00e1sicos de funcionamento de POS.<\/p>\n\t\t\t\t\t<\/div>\n\t\t\t\t\t\t<\/div>\n\t\t\t\t<\/div>\n\t\t\t\t\t\t<\/div>\n\t\t\t\t\t<\/div>\n\t\t<\/div>\n\t\t\t\t\t\t\t\t<\/div>\n\t\t\t\t\t<\/div>\n\t\t<\/section>\n\t\t\t\t\t\t\t\t\t<\/div>\n\t\t\t<\/div>\n\t\t\t\t\t<\/div>\n\t\t","protected":false},"excerpt":{"rendered":"<p>recruitment QuerES trabalhar connosco? Envia o teu curr\u00edculo para o nosso email (recursoshumanos@hippotrip.com), acompanhado de uma breve resposta \u00e0s seguintes quest\u00f5es: Porque \u00e9 que queres trabalhar para a HIPPOtrip?Porque \u00e9 que a HIPPOtrip te deve empregar? (menos de 100 palavras cada) Caso a tua candidatura se enquadre naquilo que pretendemos, entraremos em contacto o mais [&hellip;]<\/p>\n","protected":false},"author":1,"featured_media":0,"parent":0,"menu_order":6,"comment_status":"closed","ping_status":"closed","template":"elementor_header_footer","meta":[],"_links":{"self":[{"href":"https:\/\/www.hippotrip.com\/en\/wp-json\/wp\/v2\/pages\/34355"}],"collection":[{"href":"https:\/\/www.hippotrip.com\/en\/wp-json\/wp\/v2\/pages"}],"about":[{"href":"https:\/\/www.hippotrip.com\/en\/wp-json\/wp\/v2\/types\/page"}],"author":[{"embeddable":true,"href":"https:\/\/www.hippotrip.com\/en\/wp-json\/wp\/v2\/users\/1"}],"replies":[{"embeddable":true,"href":"https:\/\/www.hippotrip.com\/en\/wp-json\/wp\/v2\/comments?post=34355"}],"version-history":[{"count":3,"href":"https:\/\/www.hippotrip.com\/en\/wp-json\/wp\/v2\/pages\/34355\/revisions"}],"predecessor-version":[{"id":36450,"href":"https:\/\/www.hippotrip.com\/en\/wp-json\/wp\/v2\/pages\/34355\/revisions\/36450"}],"wp:attachment":[{"href":"https:\/\/www.hippotrip.com\/en\/wp-json\/wp\/v2\/media?parent=34355"}],"curies":[{"name":"wp","href":"https:\/\/api.w.org\/{rel}","templated":true}]}}